{"id":935,"date":"2023-01-15T06:55:58","date_gmt":"2023-01-15T06:55:58","guid":{"rendered":"https:\/\/wptf.themepul.co\/calfin\/?page_id=935"},"modified":"2024-02-22T12:55:25","modified_gmt":"2024-02-22T12:55:25","slug":"projeler","status":"publish","type":"page","link":"https:\/\/cehasasansormersin.com\/index.php\/projeler\/","title":{"rendered":"Projeler"},"content":{"rendered":"\t\t<div data-elementor-type=\"wp-page\" data-elementor-id=\"935\" class=\"elementor elementor-935\">\n\t\t\t\t\t\t<section class=\"elementor-section elementor-top-section elementor-element elementor-element-ccdb0cf elementor-section-boxed elementor-section-height-default elementor-section-height-default\" data-id=\"ccdb0cf\" data-element_type=\"section\">\n\t\t\t\t\t\t<div class=\"elementor-container elementor-column-gap-no\">\n\t\t\t\t\t<div class=\"elementor-column elementor-col-100 elementor-top-column elementor-element elementor-element-732e533\" data-id=\"732e533\" data-element_type=\"column\">\n\t\t\t<div class=\"elementor-widget-wrap elementor-element-populated\">\n\t\t\t\t\t\t<div class=\"elementor-element elementor-element-af5ecc2 elementor-widget elementor-widget-calfin_project_two\" data-id=\"af5ecc2\" data-element_type=\"widget\" data-widget_type=\"calfin_project_two.default\">\n\t\t\t\t<div class=\"elementor-widget-container\">\n\t\t\t\t\t        <script>\n            jQuery(window).ready(function($) {\n            'use strict';\n                jQuery('.project-filter li').on('click',function(){\n                    jQuery('.project-filter li').removeClass('active');\n                    jQuery(this).addClass('active');\n                    var selector = jQuery(this).attr('data-filter');\n                    jQuery('.projectlist-82698493').isotope({\n                        filter:selector,\n                    });\n                });\n            });\n            jQuery(window).on('load',function($) {\n                'use strict';\n                jQuery(\".projectlist-82698493\").isotope();\n            });\n        <\/script>\n        <div class=\"project-two-wrapper\">\n            <div class=\"container\">\n                                    <div class=\"project-menu\">\n                                                <ul class=\"project-filter\">\n                                                        <li class=\"active\" data-filter=\"*\">T\u00fcm Projeler<\/li>\n                                                                                <\/ul>\n                                            <\/div>\n                                <div class=\"row projectlist-82698493 g- \">\n                                        <div class=\"col-xl-4 col-lg-4 col-md-6 p-coloums \">\n                        <div class=\"project-two-item\">\n                            <div class=\"project-two-content-wrp\">\n                                    <img fetchpriority=\"high\" decoding=\"async\" width=\"1536\" height=\"2048\" src=\"https:\/\/cehasasansormersin.com\/wp-content\/uploads\/2024\/03\/3cb1f955-e33c-4857-a22c-7c4aa39510de.jpeg\" class=\"img-responsive wp-post-image\" alt=\"\" srcset=\"https:\/\/cehasasansormersin.com\/wp-content\/uploads\/2024\/03\/3cb1f955-e33c-4857-a22c-7c4aa39510de.jpeg 1536w, https:\/\/cehasasansormersin.com\/wp-content\/uploads\/2024\/03\/3cb1f955-e33c-4857-a22c-7c4aa39510de-225x300.jpeg 225w, https:\/\/cehasasansormersin.com\/wp-content\/uploads\/2024\/03\/3cb1f955-e33c-4857-a22c-7c4aa39510de-768x1024.jpeg 768w, https:\/\/cehasasansormersin.com\/wp-content\/uploads\/2024\/03\/3cb1f955-e33c-4857-a22c-7c4aa39510de-1152x1536.jpeg 1152w\" sizes=\"(max-width: 1536px) 100vw, 1536px\" \/>                                <div class=\"project-two-content\">\n                                    <div class=\"content_inner\">\n                                        <div class=\"item-content-heading\">\n                                                                                    <h2 class=\"project-title\"><a href=\"https:\/\/cehasasansormersin.com\/index.php\/calfin_project\/tece-vizyon\/\">Tece vizyon<\/a> <\/h2>\n                                        <\/div>\n                                                                                <div class=\"project-button\">\n                                            <a href=\"https:\/\/cehasasansormersin.com\/index.php\/calfin_project\/tece-vizyon\/\" class=\"project-icon\"><i class=\"bi bi-plus\"><\/i><\/a>\n                                        <\/div>\n                                                                            <\/div>\n                                <\/div>\n                            <\/div>\n                        <\/div>\n                    <\/div>\n                                        <div class=\"col-xl-4 col-lg-4 col-md-6 p-coloums \">\n                        <div class=\"project-two-item\">\n                            <div class=\"project-two-content-wrp\">\n                                    <img decoding=\"async\" width=\"2560\" height=\"1707\" src=\"https:\/\/cehasasansormersin.com\/wp-content\/uploads\/2024\/02\/elevator-call-button-check-2023-11-27-05-22-35-utc-scaled.jpg\" class=\"img-responsive wp-post-image\" alt=\"\" srcset=\"https:\/\/cehasasansormersin.com\/wp-content\/uploads\/2024\/02\/elevator-call-button-check-2023-11-27-05-22-35-utc-scaled.jpg 2560w, https:\/\/cehasasansormersin.com\/wp-content\/uploads\/2024\/02\/elevator-call-button-check-2023-11-27-05-22-35-utc-300x200.jpg 300w, https:\/\/cehasasansormersin.com\/wp-content\/uploads\/2024\/02\/elevator-call-button-check-2023-11-27-05-22-35-utc-1024x683.jpg 1024w, https:\/\/cehasasansormersin.com\/wp-content\/uploads\/2024\/02\/elevator-call-button-check-2023-11-27-05-22-35-utc-768x512.jpg 768w, https:\/\/cehasasansormersin.com\/wp-content\/uploads\/2024\/02\/elevator-call-button-check-2023-11-27-05-22-35-utc-1536x1024.jpg 1536w, https:\/\/cehasasansormersin.com\/wp-content\/uploads\/2024\/02\/elevator-call-button-check-2023-11-27-05-22-35-utc-2048x1365.jpg 2048w\" sizes=\"(max-width: 2560px) 100vw, 2560px\" \/>                                <div class=\"project-two-content\">\n                                    <div class=\"content_inner\">\n                                        <div class=\"item-content-heading\">\n                                                                                    <h2 class=\"project-title\"><a href=\"https:\/\/cehasasansormersin.com\/index.php\/calfin_project\/borak-insaat-asansor-montaji\/\">Borak in\u015faat&hellip;<\/a> <\/h2>\n                                        <\/div>\n                                                                                <div class=\"project-button\">\n                                            <a href=\"https:\/\/cehasasansormersin.com\/index.php\/calfin_project\/borak-insaat-asansor-montaji\/\" class=\"project-icon\"><i class=\"bi bi-plus\"><\/i><\/a>\n                                        <\/div>\n                                                                            <\/div>\n                                <\/div>\n                            <\/div>\n                        <\/div>\n                    <\/div>\n                                        <div class=\"col-xl-4 col-lg-4 col-md-6 p-coloums \">\n                        <div class=\"project-two-item\">\n                            <div class=\"project-two-content-wrp\">\n                                    <img decoding=\"async\" width=\"2560\" height=\"1707\" src=\"https:\/\/cehasasansormersin.com\/wp-content\/uploads\/2024\/02\/elevator-call-button-check-2023-11-27-05-22-35-utc-scaled.jpg\" class=\"img-responsive wp-post-image\" alt=\"\" srcset=\"https:\/\/cehasasansormersin.com\/wp-content\/uploads\/2024\/02\/elevator-call-button-check-2023-11-27-05-22-35-utc-scaled.jpg 2560w, https:\/\/cehasasansormersin.com\/wp-content\/uploads\/2024\/02\/elevator-call-button-check-2023-11-27-05-22-35-utc-300x200.jpg 300w, https:\/\/cehasasansormersin.com\/wp-content\/uploads\/2024\/02\/elevator-call-button-check-2023-11-27-05-22-35-utc-1024x683.jpg 1024w, https:\/\/cehasasansormersin.com\/wp-content\/uploads\/2024\/02\/elevator-call-button-check-2023-11-27-05-22-35-utc-768x512.jpg 768w, https:\/\/cehasasansormersin.com\/wp-content\/uploads\/2024\/02\/elevator-call-button-check-2023-11-27-05-22-35-utc-1536x1024.jpg 1536w, https:\/\/cehasasansormersin.com\/wp-content\/uploads\/2024\/02\/elevator-call-button-check-2023-11-27-05-22-35-utc-2048x1365.jpg 2048w\" sizes=\"(max-width: 2560px) 100vw, 2560px\" \/>                                <div class=\"project-two-content\">\n                                    <div class=\"content_inner\">\n                                        <div class=\"item-content-heading\">\n                                                                                    <h2 class=\"project-title\"><a href=\"https:\/\/cehasasansormersin.com\/index.php\/calfin_project\/al-jassim-asansor-montaji-mersin\/\">al jassim&hellip;<\/a> <\/h2>\n                                        <\/div>\n                                                                                <div class=\"project-button\">\n                                            <a href=\"https:\/\/cehasasansormersin.com\/index.php\/calfin_project\/al-jassim-asansor-montaji-mersin\/\" class=\"project-icon\"><i class=\"bi bi-plus\"><\/i><\/a>\n                                        <\/div>\n                                                                            <\/div>\n                                <\/div>\n                            <\/div>\n                        <\/div>\n                    <\/div>\n                                        <div class=\"col-xl-4 col-lg-4 col-md-6 p-coloums \">\n                        <div class=\"project-two-item\">\n                            <div class=\"project-two-content-wrp\">\n                                    <img decoding=\"async\" width=\"2560\" height=\"1707\" src=\"https:\/\/cehasasansormersin.com\/wp-content\/uploads\/2024\/02\/elevator-call-button-check-2023-11-27-05-22-35-utc-scaled.jpg\" class=\"img-responsive wp-post-image\" alt=\"\" srcset=\"https:\/\/cehasasansormersin.com\/wp-content\/uploads\/2024\/02\/elevator-call-button-check-2023-11-27-05-22-35-utc-scaled.jpg 2560w, https:\/\/cehasasansormersin.com\/wp-content\/uploads\/2024\/02\/elevator-call-button-check-2023-11-27-05-22-35-utc-300x200.jpg 300w, https:\/\/cehasasansormersin.com\/wp-content\/uploads\/2024\/02\/elevator-call-button-check-2023-11-27-05-22-35-utc-1024x683.jpg 1024w, https:\/\/cehasasansormersin.com\/wp-content\/uploads\/2024\/02\/elevator-call-button-check-2023-11-27-05-22-35-utc-768x512.jpg 768w, https:\/\/cehasasansormersin.com\/wp-content\/uploads\/2024\/02\/elevator-call-button-check-2023-11-27-05-22-35-utc-1536x1024.jpg 1536w, https:\/\/cehasasansormersin.com\/wp-content\/uploads\/2024\/02\/elevator-call-button-check-2023-11-27-05-22-35-utc-2048x1365.jpg 2048w\" sizes=\"(max-width: 2560px) 100vw, 2560px\" \/>                                <div class=\"project-two-content\">\n                                    <div class=\"content_inner\">\n                                        <div class=\"item-content-heading\">\n                                                                                    <h2 class=\"project-title\"><a href=\"https:\/\/cehasasansormersin.com\/index.php\/calfin_project\/mersin-kale-apartmani-asansor-yenileme\/\">Mersin kale&hellip;<\/a> <\/h2>\n                                        <\/div>\n                                                                                <div class=\"project-button\">\n                                            <a href=\"https:\/\/cehasasansormersin.com\/index.php\/calfin_project\/mersin-kale-apartmani-asansor-yenileme\/\" class=\"project-icon\"><i class=\"bi bi-plus\"><\/i><\/a>\n                                        <\/div>\n                                                                            <\/div>\n                                <\/div>\n                            <\/div>\n                        <\/div>\n                    <\/div>\n                                        <div class=\"col-xl-4 col-lg-4 col-md-6 p-coloums \">\n                        <div class=\"project-two-item\">\n                            <div class=\"project-two-content-wrp\">\n                                    <img decoding=\"async\" width=\"1536\" height=\"2048\" src=\"https:\/\/cehasasansormersin.com\/wp-content\/uploads\/2024\/02\/IMG-20230525-WA0025.jpg\" class=\"img-responsive wp-post-image\" alt=\"\" srcset=\"https:\/\/cehasasansormersin.com\/wp-content\/uploads\/2024\/02\/IMG-20230525-WA0025.jpg 1536w, https:\/\/cehasasansormersin.com\/wp-content\/uploads\/2024\/02\/IMG-20230525-WA0025-225x300.jpg 225w, https:\/\/cehasasansormersin.com\/wp-content\/uploads\/2024\/02\/IMG-20230525-WA0025-768x1024.jpg 768w, https:\/\/cehasasansormersin.com\/wp-content\/uploads\/2024\/02\/IMG-20230525-WA0025-1152x1536.jpg 1152w\" sizes=\"(max-width: 1536px) 100vw, 1536px\" \/>                                <div class=\"project-two-content\">\n                                    <div class=\"content_inner\">\n                                        <div class=\"item-content-heading\">\n                                                                                    <h2 class=\"project-title\"><a href=\"https:\/\/cehasasansormersin.com\/index.php\/calfin_project\/kale-apartmani-asansor-yenileme\/\">kale apartman\u0131&hellip;<\/a> <\/h2>\n                                        <\/div>\n                                                                                <div class=\"project-button\">\n                                            <a href=\"https:\/\/cehasasansormersin.com\/index.php\/calfin_project\/kale-apartmani-asansor-yenileme\/\" class=\"project-icon\"><i class=\"bi bi-plus\"><\/i><\/a>\n                                        <\/div>\n                                                                            <\/div>\n                                <\/div>\n                            <\/div>\n                        <\/div>\n                    <\/div>\n                                        <div class=\"col-xl-4 col-lg-4 col-md-6 p-coloums \">\n                        <div class=\"project-two-item\">\n                            <div class=\"project-two-content-wrp\">\n                                                                    <div class=\"project-two-content\">\n                                    <div class=\"content_inner\">\n                                        <div class=\"item-content-heading\">\n                                                                                    <h2 class=\"project-title\"><a href=\"https:\/\/cehasasansormersin.com\/index.php\/calfin_project\/ilkem-yapi-tece-vizyon-asansor-demontaj-montaj-revizyon\/\">ilkem yap\u0131&hellip;<\/a> <\/h2>\n                                        <\/div>\n                                                                                <div class=\"project-button\">\n                                            <a href=\"https:\/\/cehasasansormersin.com\/index.php\/calfin_project\/ilkem-yapi-tece-vizyon-asansor-demontaj-montaj-revizyon\/\" class=\"project-icon\"><i class=\"bi bi-plus\"><\/i><\/a>\n                                        <\/div>\n                                                                            <\/div>\n                                <\/div>\n                            <\/div>\n                        <\/div>\n                    <\/div>\n                                        <div class=\"col-xl-4 col-lg-4 col-md-6 p-coloums \">\n                        <div class=\"project-two-item\">\n                            <div class=\"project-two-content-wrp\">\n                                                                    <div class=\"project-two-content\">\n                                    <div class=\"content_inner\">\n                                        <div class=\"item-content-heading\">\n                                                                                    <h2 class=\"project-title\"><a href=\"https:\/\/cehasasansormersin.com\/index.php\/calfin_project\/pozcu-ugurlu-apartmani-asansor-soktak-montaj\/\">pozcu u\u011furlu&hellip;<\/a> <\/h2>\n                                        <\/div>\n                                                                                <div class=\"project-button\">\n                                            <a href=\"https:\/\/cehasasansormersin.com\/index.php\/calfin_project\/pozcu-ugurlu-apartmani-asansor-soktak-montaj\/\" class=\"project-icon\"><i class=\"bi bi-plus\"><\/i><\/a>\n                                        <\/div>\n                                                                            <\/div>\n                                <\/div>\n                            <\/div>\n                        <\/div>\n                    <\/div>\n                                        <div class=\"col-xl-4 col-lg-4 col-md-6 p-coloums \">\n                        <div class=\"project-two-item\">\n                            <div class=\"project-two-content-wrp\">\n                                    <img loading=\"lazy\" decoding=\"async\" width=\"900\" height=\"2000\" src=\"https:\/\/cehasasansormersin.com\/wp-content\/uploads\/2024\/03\/b57978a7-1eae-4cfb-ae35-8feabd45e593-1.jpeg\" class=\"img-responsive wp-post-image\" alt=\"\" srcset=\"https:\/\/cehasasansormersin.com\/wp-content\/uploads\/2024\/03\/b57978a7-1eae-4cfb-ae35-8feabd45e593-1.jpeg 900w, https:\/\/cehasasansormersin.com\/wp-content\/uploads\/2024\/03\/b57978a7-1eae-4cfb-ae35-8feabd45e593-1-135x300.jpeg 135w, https:\/\/cehasasansormersin.com\/wp-content\/uploads\/2024\/03\/b57978a7-1eae-4cfb-ae35-8feabd45e593-1-461x1024.jpeg 461w, https:\/\/cehasasansormersin.com\/wp-content\/uploads\/2024\/03\/b57978a7-1eae-4cfb-ae35-8feabd45e593-1-768x1707.jpeg 768w, https:\/\/cehasasansormersin.com\/wp-content\/uploads\/2024\/03\/b57978a7-1eae-4cfb-ae35-8feabd45e593-1-691x1536.jpeg 691w\" sizes=\"(max-width: 900px) 100vw, 900px\" \/>                                <div class=\"project-two-content\">\n                                    <div class=\"content_inner\">\n                                        <div class=\"item-content-heading\">\n                                                                                    <h2 class=\"project-title\"><a href=\"https:\/\/cehasasansormersin.com\/index.php\/calfin_project\/viva-park-asansor-montaji-erdemli\/\">viva park&hellip;<\/a> <\/h2>\n                                        <\/div>\n                                                                                <div class=\"project-button\">\n                                            <a href=\"https:\/\/cehasasansormersin.com\/index.php\/calfin_project\/viva-park-asansor-montaji-erdemli\/\" class=\"project-icon\"><i class=\"bi bi-plus\"><\/i><\/a>\n                                        <\/div>\n                                                                            <\/div>\n                                <\/div>\n                            <\/div>\n                        <\/div>\n                    <\/div>\n                                        <div class=\"col-xl-4 col-lg-4 col-md-6 p-coloums \">\n                        <div class=\"project-two-item\">\n                            <div class=\"project-two-content-wrp\">\n                                                                    <div class=\"project-two-content\">\n                                    <div class=\"content_inner\">\n                                        <div class=\"item-content-heading\">\n                                                                                    <h2 class=\"project-title\"><a href=\"https:\/\/cehasasansormersin.com\/index.php\/calfin_project\/asansor-montaj\/\">asans\u00f6r montaj<\/a> <\/h2>\n                                        <\/div>\n                                                                                <div class=\"project-button\">\n                                            <a href=\"https:\/\/cehasasansormersin.com\/index.php\/calfin_project\/asansor-montaj\/\" class=\"project-icon\"><i class=\"bi bi-plus\"><\/i><\/a>\n                                        <\/div>\n                                                                            <\/div>\n                                <\/div>\n                            <\/div>\n                        <\/div>\n                    <\/div>\n                                    <\/div>\n                            <\/div>\n        <\/div>\n        \t\t\t\t<\/div>\n\t\t\t\t<\/div>\n\t\t\t\t\t<\/div>\n\t\t<\/div>\n\t\t\t\t\t<\/div>\n\t\t<\/section>\n\t\t\t\t<section class=\"elementor-section elementor-top-section elementor-element elementor-element-be6bca0 elementor-section-full_width elementor-section-stretched elementor-section-height-default elementor-section-height-default\" data-id=\"be6bca0\" data-element_type=\"section\" data-settings=\"{&quot;stretch_section&quot;:&quot;section-stretched&quot;,&quot;background_background&quot;:&quot;classic&quot;}\">\n\t\t\t\t\t\t\t<div class=\"elementor-background-overlay\"><\/div>\n\t\t\t\t\t\t\t<div class=\"elementor-container elementor-column-gap-no\">\n\t\t\t\t\t<div class=\"elementor-column elementor-col-100 elementor-top-column elementor-element elementor-element-3538686\" data-id=\"3538686\" data-element_type=\"column\">\n\t\t\t<div class=\"elementor-widget-wrap elementor-element-populated\">\n\t\t\t\t\t\t<section class=\"elementor-section elementor-inner-section elementor-element elementor-element-ba61506 elementor-section-boxed elementor-section-height-default elementor-section-height-default\" data-id=\"ba61506\" data-element_type=\"section\">\n\t\t\t\t\t\t<div class=\"elementor-container elementor-column-gap-no\">\n\t\t\t\t\t<div class=\"elementor-column elementor-col-100 elementor-inner-column elementor-element elementor-element-1518cd3\" data-id=\"1518cd3\" data-element_type=\"column\">\n\t\t\t<div class=\"elementor-widget-wrap elementor-element-populated\">\n\t\t\t\t\t\t<div class=\"elementor-element elementor-element-6d3eed8 elementor-widget elementor-widget-heading\" data-id=\"6d3eed8\" data-element_type=\"widget\" data-widget_type=\"heading.default\">\n\t\t\t\t<div class=\"elementor-widget-container\">\n\t\t\t\t\t<h2 class=\"elementor-heading-title elementor-size-default\"> S\u0130ZE B\u0130R TELEFON KADAR \nYAKINIZ<\/h2>\t\t\t\t<\/div>\n\t\t\t\t<\/div>\n\t\t\t\t<div class=\"elementor-element elementor-element-1f1ffac elementor-widget elementor-widget-calfin_button\" data-id=\"1f1ffac\" data-element_type=\"widget\" data-widget_type=\"calfin_button.default\">\n\t\t\t\t<div class=\"elementor-widget-container\">\n\t\t\t\t\t        <div class=\"calfin-button-wrapper\">\n            <div class=\"calfin-button\">\n                                <a  href=\"http:\/\/wptf.themepul.co\/calfin\/contact\/\" target=\"_blank\" rel=\"nofollow\" class=\"theme-btns\">B\u0130ze Ula\u015f\u0131n<\/a>\n            <\/div>\n        <\/div>\n        \t\t\t\t<\/div>\n\t\t\t\t<\/div>\n\t\t\t\t\t<\/div>\n\t\t<\/div>\n\t\t\t\t\t<\/div>\n\t\t<\/section>\n\t\t\t\t\t<\/div>\n\t\t<\/div>\n\t\t\t\t\t<\/div>\n\t\t<\/section>\n\t\t\t\t<\/div>\n\t\t","protected":false},"excerpt":{"rendered":"<p>T\u00fcm Projeler S\u0130ZE B\u0130R TELEFON KADAR YAKINIZ B\u0130ze Ula\u015f\u0131n<\/p>\n","protected":false},"author":1,"featured_media":0,"parent":0,"menu_order":0,"comment_status":"closed","ping_status":"closed","template":"blank-template.php","meta":{"om_disable_all_campaigns":false,"_monsterinsights_skip_tracking":false,"_monsterinsights_sitenote_active":false,"_monsterinsights_sitenote_note":"","_monsterinsights_sitenote_category":0,"footnotes":""},"aioseo_notices":[],"_links":{"self":[{"href":"https:\/\/cehasasansormersin.com\/index.php\/wp-json\/wp\/v2\/pages\/935"}],"collection":[{"href":"https:\/\/cehasasansormersin.com\/index.php\/wp-json\/wp\/v2\/pages"}],"about":[{"href":"https:\/\/cehasasansormersin.com\/index.php\/wp-json\/wp\/v2\/types\/page"}],"author":[{"embeddable":true,"href":"https:\/\/cehasasansormersin.com\/index.php\/wp-json\/wp\/v2\/users\/1"}],"replies":[{"embeddable":true,"href":"https:\/\/cehasasansormersin.com\/index.php\/wp-json\/wp\/v2\/comments?post=935"}],"version-history":[{"count":8,"href":"https:\/\/cehasasansormersin.com\/index.php\/wp-json\/wp\/v2\/pages\/935\/revisions"}],"predecessor-version":[{"id":2174,"href":"https:\/\/cehasasansormersin.com\/index.php\/wp-json\/wp\/v2\/pages\/935\/revisions\/2174"}],"wp:attachment":[{"href":"https:\/\/cehasasansormersin.com\/index.php\/wp-json\/wp\/v2\/media?parent=935"}],"curies":[{"name":"wp","href":"https:\/\/api.w.org\/{rel}","templated":true}]}}