{"id":503,"date":"2023-01-14T06:07:50","date_gmt":"2023-01-14T06:07:50","guid":{"rendered":"https:\/\/wptf.themepul.co\/calfin\/?page_id=503"},"modified":"2024-02-22T12:55:17","modified_gmt":"2024-02-22T12:55:17","slug":"servis","status":"publish","type":"page","link":"https:\/\/cehasasansormersin.com\/index.php\/servis\/","title":{"rendered":"Servislerimiz"},"content":{"rendered":"\t\t<div data-elementor-type=\"wp-page\" data-elementor-id=\"503\" class=\"elementor elementor-503\">\n\t\t\t\t\t\t<section class=\"elementor-section elementor-top-section elementor-element elementor-element-80c2cf2 elementor-section-boxed elementor-section-height-default elementor-section-height-default\" data-id=\"80c2cf2\" data-element_type=\"section\">\n\t\t\t\t\t\t<div class=\"elementor-container elementor-column-gap-no\">\n\t\t\t\t\t<div class=\"elementor-column elementor-col-100 elementor-top-column elementor-element elementor-element-d6831ae\" data-id=\"d6831ae\" data-element_type=\"column\">\n\t\t\t<div class=\"elementor-widget-wrap elementor-element-populated\">\n\t\t\t\t\t\t<div class=\"elementor-element elementor-element-372126b elementor-widget elementor-widget-service_four_widget\" data-id=\"372126b\" data-element_type=\"widget\" data-widget_type=\"service_four_widget.default\">\n\t\t\t\t<div class=\"elementor-widget-container\">\n\t\t\t\t\t           <div class=\"services-four-wrapper\">\n            <div class=\"container\">\n                <div class=\"row\">\n                                            <div class=\"col-xl-4 col-lg-6 col-md-6 col-12\">\n                            <div class=\"service-four-inner-box\">\n                                <div class=\"service-four-image\">\n                                <img fetchpriority=\"high\" decoding=\"async\" width=\"2560\" height=\"1829\" src=\"https:\/\/cehasasansormersin.com\/wp-content\/uploads\/2024\/02\/two-elevators-in-an-apartment-building-with-modern-2023-11-27-04-56-50-utc-scaled.jpg\" class=\"attachment-full size-full\" alt=\"\" srcset=\"https:\/\/cehasasansormersin.com\/wp-content\/uploads\/2024\/02\/two-elevators-in-an-apartment-building-with-modern-2023-11-27-04-56-50-utc-scaled.jpg 2560w, https:\/\/cehasasansormersin.com\/wp-content\/uploads\/2024\/02\/two-elevators-in-an-apartment-building-with-modern-2023-11-27-04-56-50-utc-300x214.jpg 300w, https:\/\/cehasasansormersin.com\/wp-content\/uploads\/2024\/02\/two-elevators-in-an-apartment-building-with-modern-2023-11-27-04-56-50-utc-1024x731.jpg 1024w, https:\/\/cehasasansormersin.com\/wp-content\/uploads\/2024\/02\/two-elevators-in-an-apartment-building-with-modern-2023-11-27-04-56-50-utc-768x549.jpg 768w, https:\/\/cehasasansormersin.com\/wp-content\/uploads\/2024\/02\/two-elevators-in-an-apartment-building-with-modern-2023-11-27-04-56-50-utc-1536x1097.jpg 1536w, https:\/\/cehasasansormersin.com\/wp-content\/uploads\/2024\/02\/two-elevators-in-an-apartment-building-with-modern-2023-11-27-04-56-50-utc-2048x1463.jpg 2048w\" sizes=\"(max-width: 2560px) 100vw, 2560px\" \/>                                <\/div>\n                                <div class=\"service-four-inner-item\">\n                                    <div class=\"service-four-icon\">\n                                        <i aria-hidden=\"true\" class=\"ico ico-toolbox\"><\/i>                                    <\/div>\n                                    <div class=\"service-four-content\">\n                                        <h2 class=\"service-four-title\">\n                                                                                         <a href=\"https:\/\/cehasasansormersin.com\/index.php\/services\/advanced-funding\/\"  target=\"_blank\" rel=\"nofollow\">                                             Asans\u00f6r Bak\u0131m                                            <\/a>                                        <\/h2>\n                                        <div class=\"service-four-txt\">\n                                                                                    <\/div> \n                                                                            <\/div>\n                                <\/div>\n                            <\/div>\n                        <\/div>\n                                            <div class=\"col-xl-4 col-lg-6 col-md-6 col-12\">\n                            <div class=\"service-four-inner-box\">\n                                <div class=\"service-four-image\">\n                                <img decoding=\"async\" width=\"2560\" height=\"1707\" src=\"https:\/\/cehasasansormersin.com\/wp-content\/uploads\/2024\/02\/open-elevator-lift-shaft-2023-11-27-05-36-16-utc-scaled.jpg\" class=\"attachment-full size-full\" alt=\"\" srcset=\"https:\/\/cehasasansormersin.com\/wp-content\/uploads\/2024\/02\/open-elevator-lift-shaft-2023-11-27-05-36-16-utc-scaled.jpg 2560w, https:\/\/cehasasansormersin.com\/wp-content\/uploads\/2024\/02\/open-elevator-lift-shaft-2023-11-27-05-36-16-utc-300x200.jpg 300w, https:\/\/cehasasansormersin.com\/wp-content\/uploads\/2024\/02\/open-elevator-lift-shaft-2023-11-27-05-36-16-utc-1024x683.jpg 1024w, https:\/\/cehasasansormersin.com\/wp-content\/uploads\/2024\/02\/open-elevator-lift-shaft-2023-11-27-05-36-16-utc-768x512.jpg 768w, https:\/\/cehasasansormersin.com\/wp-content\/uploads\/2024\/02\/open-elevator-lift-shaft-2023-11-27-05-36-16-utc-1536x1024.jpg 1536w, https:\/\/cehasasansormersin.com\/wp-content\/uploads\/2024\/02\/open-elevator-lift-shaft-2023-11-27-05-36-16-utc-2048x1365.jpg 2048w\" sizes=\"(max-width: 2560px) 100vw, 2560px\" \/>                                <\/div>\n                                <div class=\"service-four-inner-item\">\n                                    <div class=\"service-four-icon\">\n                                        <i aria-hidden=\"true\" class=\"ico ico-tools-2\"><\/i>                                    <\/div>\n                                    <div class=\"service-four-content\">\n                                        <h2 class=\"service-four-title\">\n                                                                                         <a href=\"https:\/\/cehasasansormersin.com\/index.php\/services\/bank-management\/\"  target=\"_blank\" rel=\"nofollow\">                                             Ar\u0131za Giderme                                            <\/a>                                        <\/h2>\n                                        <div class=\"service-four-txt\">\n                                                                                    <\/div> \n                                                                            <\/div>\n                                <\/div>\n                            <\/div>\n                        <\/div>\n                                            <div class=\"col-xl-4 col-lg-6 col-md-6 col-12\">\n                            <div class=\"service-four-inner-box\">\n                                <div class=\"service-four-image\">\n                                <img decoding=\"async\" width=\"2560\" height=\"1828\" src=\"https:\/\/cehasasansormersin.com\/wp-content\/uploads\/2024\/02\/silver-circle-buttons-in-an-elevator-with-thirteen-2023-11-27-04-59-02-utc-scaled.jpg\" class=\"attachment-full size-full\" alt=\"\" srcset=\"https:\/\/cehasasansormersin.com\/wp-content\/uploads\/2024\/02\/silver-circle-buttons-in-an-elevator-with-thirteen-2023-11-27-04-59-02-utc-scaled.jpg 2560w, https:\/\/cehasasansormersin.com\/wp-content\/uploads\/2024\/02\/silver-circle-buttons-in-an-elevator-with-thirteen-2023-11-27-04-59-02-utc-300x214.jpg 300w, https:\/\/cehasasansormersin.com\/wp-content\/uploads\/2024\/02\/silver-circle-buttons-in-an-elevator-with-thirteen-2023-11-27-04-59-02-utc-1024x731.jpg 1024w, https:\/\/cehasasansormersin.com\/wp-content\/uploads\/2024\/02\/silver-circle-buttons-in-an-elevator-with-thirteen-2023-11-27-04-59-02-utc-768x549.jpg 768w, https:\/\/cehasasansormersin.com\/wp-content\/uploads\/2024\/02\/silver-circle-buttons-in-an-elevator-with-thirteen-2023-11-27-04-59-02-utc-1536x1097.jpg 1536w, https:\/\/cehasasansormersin.com\/wp-content\/uploads\/2024\/02\/silver-circle-buttons-in-an-elevator-with-thirteen-2023-11-27-04-59-02-utc-2048x1463.jpg 2048w\" sizes=\"(max-width: 2560px) 100vw, 2560px\" \/>                                <\/div>\n                                <div class=\"service-four-inner-item\">\n                                    <div class=\"service-four-icon\">\n                                        <i aria-hidden=\"true\" class=\"ico ico-recycle2\"><\/i>                                    <\/div>\n                                    <div class=\"service-four-content\">\n                                        <h2 class=\"service-four-title\">\n                                                                                         <a href=\"https:\/\/cehasasansormersin.com\/index.php\/services\/cloud-services\/\"  target=\"_blank\" rel=\"nofollow\">                                             Revizyon Hizmetleri                                            <\/a>                                        <\/h2>\n                                        <div class=\"service-four-txt\">\n                                                                                    <\/div> \n                                                                            <\/div>\n                                <\/div>\n                            <\/div>\n                        <\/div>\n                                            <div class=\"col-xl-4 col-lg-6 col-md-6 col-12\">\n                            <div class=\"service-four-inner-box\">\n                                <div class=\"service-four-image\">\n                                <img loading=\"lazy\" decoding=\"async\" width=\"2560\" height=\"1920\" src=\"https:\/\/cehasasansormersin.com\/wp-content\/uploads\/2024\/02\/first-floor-in-elevator-2023-11-27-05-31-57-utc-scaled.jpg\" class=\"attachment-full size-full\" alt=\"\" srcset=\"https:\/\/cehasasansormersin.com\/wp-content\/uploads\/2024\/02\/first-floor-in-elevator-2023-11-27-05-31-57-utc-scaled.jpg 2560w, https:\/\/cehasasansormersin.com\/wp-content\/uploads\/2024\/02\/first-floor-in-elevator-2023-11-27-05-31-57-utc-300x225.jpg 300w, https:\/\/cehasasansormersin.com\/wp-content\/uploads\/2024\/02\/first-floor-in-elevator-2023-11-27-05-31-57-utc-1024x768.jpg 1024w, https:\/\/cehasasansormersin.com\/wp-content\/uploads\/2024\/02\/first-floor-in-elevator-2023-11-27-05-31-57-utc-768x576.jpg 768w, https:\/\/cehasasansormersin.com\/wp-content\/uploads\/2024\/02\/first-floor-in-elevator-2023-11-27-05-31-57-utc-1536x1152.jpg 1536w, https:\/\/cehasasansormersin.com\/wp-content\/uploads\/2024\/02\/first-floor-in-elevator-2023-11-27-05-31-57-utc-2048x1536.jpg 2048w, https:\/\/cehasasansormersin.com\/wp-content\/uploads\/2024\/02\/first-floor-in-elevator-2023-11-27-05-31-57-utc-400x300.jpg 400w\" sizes=\"(max-width: 2560px) 100vw, 2560px\" \/>                                <\/div>\n                                <div class=\"service-four-inner-item\">\n                                    <div class=\"service-four-icon\">\n                                        <i aria-hidden=\"true\" class=\"ico ico-tools\"><\/i>                                    <\/div>\n                                    <div class=\"service-four-content\">\n                                        <h2 class=\"service-four-title\">\n                                                                                         <a href=\"https:\/\/cehasasansormersin.com\/index.php\/services\/financial-services\/\"  target=\"_blank\" rel=\"nofollow\">                                             Montaj ve Yenileme                                            <\/a>                                        <\/h2>\n                                        <div class=\"service-four-txt\">\n                                                                                    <\/div> \n                                                                            <\/div>\n                                <\/div>\n                            <\/div>\n                        <\/div>\n                                    <\/div>\n            <\/div>\n        <\/div>\n        \t\t\t\t<\/div>\n\t\t\t\t<\/div>\n\t\t\t\t\t<\/div>\n\t\t<\/div>\n\t\t\t\t\t<\/div>\n\t\t<\/section>\n\t\t\t\t<\/div>\n\t\t","protected":false},"excerpt":{"rendered":"<p>Asans\u00f6r Bak\u0131m Ar\u0131za Giderme Revizyon Hizmetleri Montaj ve Yenileme<\/p>\n","protected":false},"author":1,"featured_media":0,"parent":0,"menu_order":0,"comment_status":"closed","ping_status":"closed","template":"blank-template.php","meta":{"om_disable_all_campaigns":false,"_monsterinsights_skip_tracking":false,"_monsterinsights_sitenote_active":false,"_monsterinsights_sitenote_note":"","_monsterinsights_sitenote_category":0,"footnotes":""},"aioseo_notices":[],"_links":{"self":[{"href":"https:\/\/cehasasansormersin.com\/index.php\/wp-json\/wp\/v2\/pages\/503"}],"collection":[{"href":"https:\/\/cehasasansormersin.com\/index.php\/wp-json\/wp\/v2\/pages"}],"about":[{"href":"https:\/\/cehasasansormersin.com\/index.php\/wp-json\/wp\/v2\/types\/page"}],"author":[{"embeddable":true,"href":"https:\/\/cehasasansormersin.com\/index.php\/wp-json\/wp\/v2\/users\/1"}],"replies":[{"embeddable":true,"href":"https:\/\/cehasasansormersin.com\/index.php\/wp-json\/wp\/v2\/comments?post=503"}],"version-history":[{"count":11,"href":"https:\/\/cehasasansormersin.com\/index.php\/wp-json\/wp\/v2\/pages\/503\/revisions"}],"predecessor-version":[{"id":2253,"href":"https:\/\/cehasasansormersin.com\/index.php\/wp-json\/wp\/v2\/pages\/503\/revisions\/2253"}],"wp:attachment":[{"href":"https:\/\/cehasasansormersin.com\/index.php\/wp-json\/wp\/v2\/media?parent=503"}],"curies":[{"name":"wp","href":"https:\/\/api.w.org\/{rel}","templated":true}]}}