{"id":501,"date":"2023-01-14T06:07:18","date_gmt":"2023-01-14T06:07:18","guid":{"rendered":"https:\/\/wptf.themepul.co\/calfin\/?page_id=501"},"modified":"2024-02-22T12:55:37","modified_gmt":"2024-02-22T12:55:37","slug":"hakkimizda","status":"publish","type":"page","link":"https:\/\/cehasasansormersin.com\/index.php\/hakkimizda\/","title":{"rendered":"Hakk\u0131m\u0131zda"},"content":{"rendered":"\t\t<div data-elementor-type=\"wp-page\" data-elementor-id=\"501\" class=\"elementor elementor-501\">\n\t\t\t\t<div class=\"elementor-element elementor-element-efd4fbc e-flex e-con-boxed e-con e-parent\" data-id=\"efd4fbc\" data-element_type=\"container\">\n\t\t\t\t\t<div class=\"e-con-inner\">\n\t\t\t\t<div class=\"elementor-element elementor-element-a22327f elementor-widget elementor-widget-heading\" data-id=\"a22327f\" data-element_type=\"widget\" data-widget_type=\"heading.default\">\n\t\t\t\t<div class=\"elementor-widget-container\">\n\t\t\t\t\t<h2 class=\"elementor-heading-title elementor-size-default\">HAKKIMIZDA<\/h2>\t\t\t\t<\/div>\n\t\t\t\t<\/div>\n\t\t\t\t<div class=\"elementor-element elementor-element-03db90a elementor-widget elementor-widget-text-editor\" data-id=\"03db90a\" data-element_type=\"widget\" data-widget_type=\"text-editor.default\">\n\t\t\t\t<div class=\"elementor-widget-container\">\n\t\t\t\t\t\t\t\t\t<p>Cehas Asans\u00f6r, asans\u00f6r sekt\u00f6r\u00fcnde m\u00fc\u015fterilere yenilik\u00e7i ve g\u00fcvenilir \u00e7\u00f6z\u00fcmler sunan \u00f6nc\u00fc bir firmad\u0131r. Firmam\u0131z, sekt\u00f6rdeki deneyimi ve uzman ekibiyle, her t\u00fcrl\u00fc asans\u00f6r ihtiyac\u0131n\u0131z\u0131 kar\u015f\u0131lamak i\u00e7in burada. M\u00fc\u015fteri memnuniyetini ve g\u00fcvenli\u011fi her zaman \u00f6ncelik olarak g\u00f6ren Cehas Asans\u00f6r, teknoloji ve inovasyonu i\u015fin temeline yerle\u015ftirerek, m\u00fc\u015fterilerine daha g\u00fcvenli, daha konforlu ve daha verimli asans\u00f6r deneyimleri sunmay\u0131 hedeflemektedir.<\/p><p>Kalite, g\u00fcvenilirlik ve m\u00fc\u015fteri odakl\u0131l\u0131k, Cehas Asans\u00f6r&#8217;\u00fcn temel de\u011ferleridir. Her projede en y\u00fcksek standartlarda hizmet sunmak i\u00e7in \u00e7al\u0131\u015f\u0131rken, m\u00fc\u015fterilerimizin ihtiya\u00e7lar\u0131na \u00f6zel \u00e7\u00f6z\u00fcmler \u00fcretmeye \u00f6zen g\u00f6steriyoruz. Cehas Asans\u00f6r olarak, sekt\u00f6rdeki lider konumumuzu korumak ve daha da ileriye ta\u015f\u0131mak i\u00e7in s\u00fcrekli olarak yenilik\u00e7i \u00e7\u00f6z\u00fcmler geli\u015ftirmeye ve m\u00fc\u015fteri memnuniyetini en \u00fcst seviyede tutmaya devam edece\u011fiz.<\/p>\t\t\t\t\t\t\t\t<\/div>\n\t\t\t\t<\/div>\n\t\t\t\t\t<\/div>\n\t\t\t\t<\/div>\n\t\t\t\t<section class=\"elementor-section elementor-top-section elementor-element elementor-element-f4c1937 elementor-section-boxed elementor-section-height-default elementor-section-height-default\" data-id=\"f4c1937\" data-element_type=\"section\" data-settings=\"{&quot;background_background&quot;:&quot;classic&quot;}\">\n\t\t\t\t\t\t<div class=\"elementor-container elementor-column-gap-no\">\n\t\t\t\t\t<div class=\"elementor-column elementor-col-100 elementor-top-column elementor-element elementor-element-c1891c1\" data-id=\"c1891c1\" data-element_type=\"column\">\n\t\t\t<div class=\"elementor-widget-wrap elementor-element-populated\">\n\t\t\t\t\t\t<div class=\"elementor-element elementor-element-5953bcd elementor-widget elementor-widget-calfin_title\" data-id=\"5953bcd\" data-element_type=\"widget\" data-widget_type=\"calfin_title.default\">\n\t\t\t\t<div class=\"elementor-widget-container\">\n\t\t\t\t\t        <div class=\"calfin-section-title-wrapper\">\n            <div class=\"calfin_title_item\">\n                <div class=\"calfin-section-title\">\n                    <h6 class=\"calfin-section-stitle\">\n                        <span>\u0130\u015f S\u00fcrecimiz<\/span><\/h6>                    <h2 class=\"calfin-t-title\">\n                        \u0130\u015fletmemizi Geli\u015ftirmek \u0130\u00e7in Takip Etti\u011fimiz                         <span class=\"highlight-heading\">Ad\u0131mlar<\/span>\n                    <\/h2>\n                <\/div>\n                            <\/div>\n        <\/div>\n        \t\t\t\t<\/div>\n\t\t\t\t<\/div>\n\t\t\t\t<div class=\"elementor-element elementor-element-ff169f0 elementor-widget elementor-widget-calfin_services_v3\" data-id=\"ff169f0\" data-element_type=\"widget\" data-widget_type=\"calfin_services_v3.default\">\n\t\t\t\t<div class=\"elementor-widget-container\">\n\t\t\t\t\t         <div class=\"service-wrapper-three\">\r\n            <div class=\"container\">\r\n                <div class=\"row justify-content-center\">\r\n                                <div class=\"col-xl-4 col-lg-6 col-md-6 col-12\">\r\n                            <div class=\"box-inner-three\">\r\n                                <div class=\"service-icon\">\r\n                                    <i aria-hidden=\"true\" class=\"flaticon flaticon-lightbulb-1\"><\/i>                                    <span class=\"icon-attribute\"> 1<\/span>\r\n                                <\/div>\r\n                                <div class=\"text-area\">\r\n                                    <div class=\"iconbox-title\">\r\n                                        <h2 class=\"services-title\"> \r\n                                                                                    <a href=\"http:\/\/wptf.themepul.co\/calfin\/services\/\"  target=\"_blank\" rel=\"nofollow\">                                            M\u00fc\u015fteri Memnuniyetine Odaklanma                                            <\/a>                                        <\/h2>\r\n                                    <\/div> \r\n                                    <div class=\"services-three-txt\">\r\n                                        M\u00fc\u015fterilerimizin taleplerini anlamak ve onlara \u00f6zel \u00e7\u00f6z\u00fcmler sunmak i\u00e7in hassasiyetle \u00e7al\u0131\u015f\u0131yoruz.                                    <\/div>    \r\n                                <\/div>\r\n                            <\/div>\r\n                        \r\n                    <\/div>\r\n                                    <div class=\"col-xl-4 col-lg-6 col-md-6 col-12\">\r\n                            <div class=\"box-inner-three\">\r\n                                <div class=\"service-icon\">\r\n                                    <i aria-hidden=\"true\" class=\"ico ico-chart22\"><\/i>                                    <span class=\"icon-attribute\"> 2<\/span>\r\n                                <\/div>\r\n                                <div class=\"text-area\">\r\n                                    <div class=\"iconbox-title\">\r\n                                        <h2 class=\"services-title\"> \r\n                                                                                    <a href=\"http:\/\/wptf.themepul.co\/calfin\/services\/\"  target=\"_blank\" rel=\"nofollow\">                                            S\u00fcrekli \u0130novasyon ve Geli\u015ftirme                                            <\/a>                                        <\/h2>\r\n                                    <\/div> \r\n                                    <div class=\"services-three-txt\">\r\n                                        Teknolojik geli\u015fmeleri takip ederek, i\u015f s\u00fcre\u00e7lerimizi iyile\u015ftirmek ve en son yenilikleri kullanarak m\u00fc\u015fterilerimize daha iyi hizmet sunmak i\u00e7in \u00e7aba g\u00f6steriyoruz.                                    <\/div>    \r\n                                <\/div>\r\n                            <\/div>\r\n                        \r\n                    <\/div>\r\n                                    <div class=\"col-xl-4 col-lg-6 col-md-6 col-12\">\r\n                            <div class=\"box-inner-three\">\r\n                                <div class=\"service-icon\">\r\n                                    <i aria-hidden=\"true\" class=\"flaticon flaticon-team-1\"><\/i>                                    <span class=\"icon-attribute\"> 3<\/span>\r\n                                <\/div>\r\n                                <div class=\"text-area\">\r\n                                    <div class=\"iconbox-title\">\r\n                                        <h2 class=\"services-title\"> \r\n                                                                                    <a href=\"http:\/\/wptf.themepul.co\/calfin\/services\/\"  target=\"_blank\" rel=\"nofollow\">                                            Profesyonel Ekibimizle \u0130\u015fbirli\u011fi                                            <\/a>                                        <\/h2>\r\n                                    <\/div> \r\n                                    <div class=\"services-three-txt\">\r\n                                        Uzmanl\u0131k alanlar\u0131m\u0131z\u0131 birle\u015ftirerek, en etkili stratejileri belirliyor ve birlikte \u00e7al\u0131\u015farak m\u00fc\u015fterilerimize en iyi \u00e7\u00f6z\u00fcmleri sunmaya odaklan\u0131yoruz.                                    <\/div>    \r\n                                <\/div>\r\n                            <\/div>\r\n                        \r\n                    <\/div>\r\n                                    <\/div>\r\n            <\/div>\r\n        <\/div>\r\n        \t\t\t\t<\/div>\n\t\t\t\t<\/div>\n\t\t\t\t\t<\/div>\n\t\t<\/div>\n\t\t\t\t\t<\/div>\n\t\t<\/section>\n\t\t\t\t<\/div>\n\t\t","protected":false},"excerpt":{"rendered":"<p>HAKKIMIZDA Cehas Asans\u00f6r, asans\u00f6r sekt\u00f6r\u00fcnde m\u00fc\u015fterilere yenilik\u00e7i ve g\u00fcvenilir \u00e7\u00f6z\u00fcmler sunan \u00f6nc\u00fc bir firmad\u0131r. Firmam\u0131z, sekt\u00f6rdeki deneyimi ve uzman ekibiyle, her t\u00fcrl\u00fc asans\u00f6r ihtiyac\u0131n\u0131z\u0131 kar\u015f\u0131lamak i\u00e7in burada. M\u00fc\u015fteri memnuniyetini ve g\u00fcvenli\u011fi her zaman \u00f6ncelik olarak g\u00f6ren Cehas Asans\u00f6r, teknoloji ve inovasyonu i\u015fin temeline yerle\u015ftirerek, m\u00fc\u015fterilerine daha g\u00fcvenli, daha konforlu ve daha verimli asans\u00f6r deneyimleri sunmay\u0131 [&hellip;]<\/p>\n","protected":false},"author":1,"featured_media":0,"parent":0,"menu_order":0,"comment_status":"closed","ping_status":"closed","template":"blank-template.php","meta":{"om_disable_all_campaigns":false,"_monsterinsights_skip_tracking":false,"_monsterinsights_sitenote_active":false,"_monsterinsights_sitenote_note":"","_monsterinsights_sitenote_category":0,"footnotes":""},"aioseo_notices":[],"_links":{"self":[{"href":"https:\/\/cehasasansormersin.com\/index.php\/wp-json\/wp\/v2\/pages\/501"}],"collection":[{"href":"https:\/\/cehasasansormersin.com\/index.php\/wp-json\/wp\/v2\/pages"}],"about":[{"href":"https:\/\/cehasasansormersin.com\/index.php\/wp-json\/wp\/v2\/types\/page"}],"author":[{"embeddable":true,"href":"https:\/\/cehasasansormersin.com\/index.php\/wp-json\/wp\/v2\/users\/1"}],"replies":[{"embeddable":true,"href":"https:\/\/cehasasansormersin.com\/index.php\/wp-json\/wp\/v2\/comments?post=501"}],"version-history":[{"count":14,"href":"https:\/\/cehasasansormersin.com\/index.php\/wp-json\/wp\/v2\/pages\/501\/revisions"}],"predecessor-version":[{"id":2171,"href":"https:\/\/cehasasansormersin.com\/index.php\/wp-json\/wp\/v2\/pages\/501\/revisions\/2171"}],"wp:attachment":[{"href":"https:\/\/cehasasansormersin.com\/index.php\/wp-json\/wp\/v2\/media?parent=501"}],"curies":[{"name":"wp","href":"https:\/\/api.w.org\/{rel}","templated":true}]}}