{"id":1287,"date":"2023-01-16T14:50:11","date_gmt":"2023-01-16T14:50:11","guid":{"rendered":"http:\/\/wptf.themepul.co\/calfin\/?page_id=1287"},"modified":"2024-02-22T12:54:45","modified_gmt":"2024-02-22T12:54:45","slug":"revizyon","status":"publish","type":"page","link":"https:\/\/cehasasansormersin.com\/index.php\/servis\/revizyon\/","title":{"rendered":"Revizyon Hizmetleri"},"content":{"rendered":"\t\t<div data-elementor-type=\"wp-page\" data-elementor-id=\"1287\" class=\"elementor elementor-1287\">\n\t\t\t\t\t\t<section class=\"elementor-section elementor-top-section elementor-element elementor-element-49fa5ec elementor-section-boxed elementor-section-height-default elementor-section-height-default\" data-id=\"49fa5ec\" data-element_type=\"section\">\n\t\t\t\t\t\t<div class=\"elementor-container elementor-column-gap-no\">\n\t\t\t\t\t<div class=\"elementor-column elementor-col-50 elementor-top-column elementor-element elementor-element-e20837d\" data-id=\"e20837d\" data-element_type=\"column\">\n\t\t\t<div class=\"elementor-widget-wrap elementor-element-populated\">\n\t\t\t\t\t\t<div class=\"elementor-element elementor-element-c9da785 elementor-widget elementor-widget-calfin_menu_list\" data-id=\"c9da785\" data-element_type=\"widget\" data-widget_type=\"calfin_menu_list.default\">\n\t\t\t\t<div class=\"elementor-widget-container\">\n\t\t\t\t\t        <div class=\"calfin-menu-list-wrapper\">\r\n            <div class=\"widget widget_nav_menu\">\r\n            <ul id=\"menu-services-menu\" class=\"elementor-nav-menu menu\"><li id=\"menu-item-1124\" class=\"menu-item menu-item-type-post_type menu-item-object-page menu-item-1124\"><a href=\"https:\/\/cehasasansormersin.com\/index.php\/servis\/montaj\/\">Montaj ve Yenileme<\/a><\/li>\n<li id=\"menu-item-1298\" class=\"menu-item menu-item-type-post_type menu-item-object-page menu-item-1298\"><a href=\"https:\/\/cehasasansormersin.com\/index.php\/servis\/ariza\/\">Ar\u0131za Giderme<\/a><\/li>\n<li id=\"menu-item-1297\" class=\"menu-item menu-item-type-post_type menu-item-object-page menu-item-1297\"><a href=\"https:\/\/cehasasansormersin.com\/index.php\/servis\/bakim\/\">Asans\u00f6r Bak\u0131m<\/a><\/li>\n<li id=\"menu-item-1295\" class=\"menu-item menu-item-type-post_type menu-item-object-page menu-item-1295\"><a href=\"https:\/\/cehasasansormersin.com\/index.php\/servis\/revizyon\/\">Revizyon Hizmetleri<\/a><\/li>\n<\/ul>            <\/div>\r\n        <\/div>\r\n        \t\t\t\t<\/div>\n\t\t\t\t<\/div>\n\t\t\t\t<div class=\"elementor-element elementor-element-83bf331 elementor-widget elementor-widget-call_addons_widget\" data-id=\"83bf331\" data-element_type=\"widget\" data-widget_type=\"call_addons_widget.default\">\n\t\t\t\t<div class=\"elementor-widget-container\">\n\t\t\t\t\t        <div class=\"call-us-wraqper\">\n            <div class=\"call-us-box\">\n                            <h4 class=\"call-us-title\"> Bize Ula\u015f\u0131n<\/h4>\n                                        <div class=\"call-icon\">\n                    <i aria-hidden=\"true\" class=\"ico ico-phone3\"><\/i>                <\/div>\n                            <div class=\"call-us-content\">\n                                    <span class=\"call-stitle\">Sizin i\u00e7in<\/span>\n                                                    <h4 class=\"call-us-number\">05459675093<\/h4>\n                                <\/div>\n            <\/div>\n        <\/div>\n        \t\t\t\t<\/div>\n\t\t\t\t<\/div>\n\t\t\t\t\t<\/div>\n\t\t<\/div>\n\t\t\t\t<div class=\"elementor-column elementor-col-50 elementor-top-column elementor-element elementor-element-5fbcfb3\" data-id=\"5fbcfb3\" data-element_type=\"column\">\n\t\t\t<div class=\"elementor-widget-wrap elementor-element-populated\">\n\t\t\t\t\t\t<div class=\"elementor-element elementor-element-3327883 elementor-widget elementor-widget-image\" data-id=\"3327883\" data-element_type=\"widget\" data-widget_type=\"image.default\">\n\t\t\t\t<div class=\"elementor-widget-container\">\n\t\t\t\t\t\t\t\t\t\t\t\t\t\t\t<img fetchpriority=\"high\" decoding=\"async\" width=\"2560\" height=\"1707\" src=\"https:\/\/cehasasansormersin.com\/wp-content\/uploads\/2024\/02\/elevator-call-button-check-2023-11-27-05-22-35-utc-scaled.jpg\" class=\"attachment-full size-full wp-image-2208\" alt=\"\" srcset=\"https:\/\/cehasasansormersin.com\/wp-content\/uploads\/2024\/02\/elevator-call-button-check-2023-11-27-05-22-35-utc-scaled.jpg 2560w, https:\/\/cehasasansormersin.com\/wp-content\/uploads\/2024\/02\/elevator-call-button-check-2023-11-27-05-22-35-utc-300x200.jpg 300w, https:\/\/cehasasansormersin.com\/wp-content\/uploads\/2024\/02\/elevator-call-button-check-2023-11-27-05-22-35-utc-1024x683.jpg 1024w, https:\/\/cehasasansormersin.com\/wp-content\/uploads\/2024\/02\/elevator-call-button-check-2023-11-27-05-22-35-utc-768x512.jpg 768w, https:\/\/cehasasansormersin.com\/wp-content\/uploads\/2024\/02\/elevator-call-button-check-2023-11-27-05-22-35-utc-1536x1024.jpg 1536w, https:\/\/cehasasansormersin.com\/wp-content\/uploads\/2024\/02\/elevator-call-button-check-2023-11-27-05-22-35-utc-2048x1365.jpg 2048w\" sizes=\"(max-width: 2560px) 100vw, 2560px\" \/>\t\t\t\t\t\t\t\t\t\t\t\t\t\t\t<\/div>\n\t\t\t\t<\/div>\n\t\t\t\t<div class=\"elementor-element elementor-element-5af8157 elementor-widget elementor-widget-heading\" data-id=\"5af8157\" data-element_type=\"widget\" data-widget_type=\"heading.default\">\n\t\t\t\t<div class=\"elementor-widget-container\">\n\t\t\t\t\t<h2 class=\"elementor-heading-title elementor-size-default\">Asans\u00f6rleriniz \u0130\u00e7in Modernizasyon ve Revizyon Hizmetleri<\/h2>\t\t\t\t<\/div>\n\t\t\t\t<\/div>\n\t\t\t\t<div class=\"elementor-element elementor-element-834e6dc elementor-widget elementor-widget-text-editor\" data-id=\"834e6dc\" data-element_type=\"widget\" data-widget_type=\"text-editor.default\">\n\t\t\t\t<div class=\"elementor-widget-container\">\n\t\t\t\t\t\t\t\t\t<p>Cehas Asans\u00f6r olarak, asans\u00f6rlerinizin performans\u0131n\u0131 art\u0131rmak, g\u00fcvenli\u011fini sa\u011flamak ve modern standartlara uyumlu hale getirmek i\u00e7in kapsaml\u0131 revizyon hizmetleri sunuyoruz. Deneyimli ekiplerimiz ve uzman m\u00fchendislerimizle birlikte, eski veya eskimi\u015f asans\u00f6rlerinizi modern teknolojiyle donatarak, daha g\u00fcvenli, verimli ve konforlu bir asans\u00f6r deneyimi sunuyoruz.<\/p>\t\t\t\t\t\t\t\t<\/div>\n\t\t\t\t<\/div>\n\t\t\t\t<div class=\"elementor-element elementor-element-3a4ed61 elementor-widget elementor-widget-about-us\" data-id=\"3a4ed61\" data-element_type=\"widget\" data-widget_type=\"about-us.default\">\n\t\t\t\t<div class=\"elementor-widget-container\">\n\t\t\t\t\t        <div class=\"about-section-wrapper\">\r\n            <div class=\"container\">\r\n                <div class=\"row\">\r\n                    <div class=\"about-us-content\">\r\n                        <div class=\"about-us-section-title\">\r\n                                                                                <\/div>\r\n                                                    <div class=\"calfin-about-us-dec\"> \r\n                                <ul><li><strong>G\u00fcncelleme ve Modernizasyon:<\/strong> Asans\u00f6rlerinizi g\u00fcncel teknoloji ve g\u00fcvenlik standartlar\u0131na uygun hale getirerek performans\u0131n\u0131 art\u0131r\u0131yoruz.<\/li><li><strong>Yenileme ve Estetik D\u00fczenleme:<\/strong> Estetik ve fonksiyonel a\u00e7\u0131dan asans\u00f6rlerinizi yenileyerek, modern bir g\u00f6r\u00fcn\u00fcm kazand\u0131r\u0131yoruz.<\/li><li><strong>Yedek Par\u00e7a Temini:<\/strong> Revizyon s\u00fcrecinde ihtiya\u00e7 duyulan yedek par\u00e7a ve ekipmanlar\u0131 sa\u011flayarak i\u015flemleri h\u0131zland\u0131r\u0131yoruz.<\/li><li><strong>Test ve Kalibrasyon:<\/strong> Revizyon i\u015flemlerini tamamlad\u0131ktan sonra, asans\u00f6rlerinizin g\u00fcvenli\u011fini sa\u011flamak i\u00e7in detayl\u0131 test ve kalibrasyon i\u015flemleri yap\u0131yoruz.<\/li><\/ul>                            <\/div>\r\n                                                <div class=\"about-us-button\">\r\n                                                    <\/div>\r\n                    <\/div>\r\n                <\/div>\r\n            <\/div>\r\n        <\/div>\r\n    \t\t\t\t<\/div>\n\t\t\t\t<\/div>\n\t\t\t\t<div class=\"elementor-element elementor-element-0f57cb4 elementor-widget elementor-widget-text-editor\" data-id=\"0f57cb4\" data-element_type=\"widget\" data-widget_type=\"text-editor.default\">\n\t\t\t\t<div class=\"elementor-widget-container\">\n\t\t\t\t\t\t\t\t\t<p>Cehas Asans\u00f6r olarak, asans\u00f6rlerinizin \u00f6mr\u00fcn\u00fc uzatmak ve modern ihtiya\u00e7lara uygun hale getirmek i\u00e7in size profesyonel revizyon hizmetleri sunuyoruz. Siz de asans\u00f6rlerinizde revizyon yap\u0131lmas\u0131 gerekti\u011finde bize g\u00fcvenebilir ve modernize edilmi\u015f asans\u00f6rlerin keyfini \u00e7\u0131karabilirsiniz. Detayl\u0131 bilgi i\u00e7in bize ula\u015f\u0131n.<\/p>\t\t\t\t\t\t\t\t<\/div>\n\t\t\t\t<\/div>\n\t\t\t\t\t<\/div>\n\t\t<\/div>\n\t\t\t\t\t<\/div>\n\t\t<\/section>\n\t\t\t\t<\/div>\n\t\t","protected":false},"excerpt":{"rendered":"<p>Financial Services Ar\u0131za Giderme Asans\u00f6r Bak\u0131m IT Management Software Renew Revizyon Hizmetleri Bize Ula\u015f\u0131n Sizin i\u00e7in 05459675093 Asans\u00f6rleriniz \u0130\u00e7in Modernizasyon ve Revizyon Hizmetleri Cehas Asans\u00f6r olarak, asans\u00f6rlerinizin performans\u0131n\u0131 art\u0131rmak, g\u00fcvenli\u011fini sa\u011flamak ve modern standartlara uyumlu hale getirmek i\u00e7in kapsaml\u0131 revizyon hizmetleri sunuyoruz. Deneyimli ekiplerimiz ve uzman m\u00fchendislerimizle birlikte, eski veya eskimi\u015f asans\u00f6rlerinizi modern teknolojiyle donatarak, [&hellip;]<\/p>\n","protected":false},"author":1,"featured_media":0,"parent":503,"menu_order":0,"comment_status":"closed","ping_status":"closed","template":"blank-template.php","meta":{"om_disable_all_campaigns":false,"_monsterinsights_skip_tracking":false,"_monsterinsights_sitenote_active":false,"_monsterinsights_sitenote_note":"","_monsterinsights_sitenote_category":0,"footnotes":""},"aioseo_notices":[],"_links":{"self":[{"href":"https:\/\/cehasasansormersin.com\/index.php\/wp-json\/wp\/v2\/pages\/1287"}],"collection":[{"href":"https:\/\/cehasasansormersin.com\/index.php\/wp-json\/wp\/v2\/pages"}],"about":[{"href":"https:\/\/cehasasansormersin.com\/index.php\/wp-json\/wp\/v2\/types\/page"}],"author":[{"embeddable":true,"href":"https:\/\/cehasasansormersin.com\/index.php\/wp-json\/wp\/v2\/users\/1"}],"replies":[{"embeddable":true,"href":"https:\/\/cehasasansormersin.com\/index.php\/wp-json\/wp\/v2\/comments?post=1287"}],"version-history":[{"count":5,"href":"https:\/\/cehasasansormersin.com\/index.php\/wp-json\/wp\/v2\/pages\/1287\/revisions"}],"predecessor-version":[{"id":2221,"href":"https:\/\/cehasasansormersin.com\/index.php\/wp-json\/wp\/v2\/pages\/1287\/revisions\/2221"}],"up":[{"embeddable":true,"href":"https:\/\/cehasasansormersin.com\/index.php\/wp-json\/wp\/v2\/pages\/503"}],"wp:attachment":[{"href":"https:\/\/cehasasansormersin.com\/index.php\/wp-json\/wp\/v2\/media?parent=1287"}],"curies":[{"name":"wp","href":"https:\/\/api.w.org\/{rel}","templated":true}]}}