{"id":1279,"date":"2023-01-16T14:43:12","date_gmt":"2023-01-16T14:43:12","guid":{"rendered":"http:\/\/wptf.themepul.co\/calfin\/?page_id=1279"},"modified":"2024-02-22T12:55:11","modified_gmt":"2024-02-22T12:55:11","slug":"ariza","status":"publish","type":"page","link":"https:\/\/cehasasansormersin.com\/index.php\/servis\/ariza\/","title":{"rendered":"Ar\u0131za Giderme"},"content":{"rendered":"\t\t<div data-elementor-type=\"wp-page\" data-elementor-id=\"1279\" class=\"elementor elementor-1279\">\n\t\t\t\t\t\t<section class=\"elementor-section elementor-top-section elementor-element elementor-element-49fa5ec elementor-section-boxed elementor-section-height-default elementor-section-height-default\" data-id=\"49fa5ec\" data-element_type=\"section\">\n\t\t\t\t\t\t<div class=\"elementor-container elementor-column-gap-no\">\n\t\t\t\t\t<div class=\"elementor-column elementor-col-50 elementor-top-column elementor-element elementor-element-e20837d\" data-id=\"e20837d\" data-element_type=\"column\">\n\t\t\t<div class=\"elementor-widget-wrap elementor-element-populated\">\n\t\t\t\t\t\t<div class=\"elementor-element elementor-element-c9da785 elementor-widget elementor-widget-calfin_menu_list\" data-id=\"c9da785\" data-element_type=\"widget\" data-widget_type=\"calfin_menu_list.default\">\n\t\t\t\t<div class=\"elementor-widget-container\">\n\t\t\t\t\t        <div class=\"calfin-menu-list-wrapper\">\r\n            <div class=\"widget widget_nav_menu\">\r\n            <ul id=\"menu-services-menu\" class=\"elementor-nav-menu menu\"><li id=\"menu-item-1124\" class=\"menu-item menu-item-type-post_type menu-item-object-page menu-item-1124\"><a href=\"https:\/\/cehasasansormersin.com\/index.php\/servis\/montaj\/\">Montaj ve Yenileme<\/a><\/li>\n<li id=\"menu-item-1298\" class=\"menu-item menu-item-type-post_type menu-item-object-page menu-item-1298\"><a href=\"https:\/\/cehasasansormersin.com\/index.php\/servis\/ariza\/\">Ar\u0131za Giderme<\/a><\/li>\n<li id=\"menu-item-1297\" class=\"menu-item menu-item-type-post_type menu-item-object-page menu-item-1297\"><a href=\"https:\/\/cehasasansormersin.com\/index.php\/servis\/bakim\/\">Asans\u00f6r Bak\u0131m<\/a><\/li>\n<li id=\"menu-item-1295\" class=\"menu-item menu-item-type-post_type menu-item-object-page menu-item-1295\"><a href=\"https:\/\/cehasasansormersin.com\/index.php\/servis\/revizyon\/\">Revizyon Hizmetleri<\/a><\/li>\n<\/ul>            <\/div>\r\n        <\/div>\r\n        \t\t\t\t<\/div>\n\t\t\t\t<\/div>\n\t\t\t\t<div class=\"elementor-element elementor-element-37229df elementor-widget elementor-widget-call_addons_widget\" data-id=\"37229df\" data-element_type=\"widget\" data-widget_type=\"call_addons_widget.default\">\n\t\t\t\t<div class=\"elementor-widget-container\">\n\t\t\t\t\t        <div class=\"call-us-wraqper\">\n            <div class=\"call-us-box\">\n                            <h4 class=\"call-us-title\"> Bize Ula\u015f\u0131n<\/h4>\n                                        <div class=\"call-icon\">\n                    <i aria-hidden=\"true\" class=\"ico ico-phone3\"><\/i>                <\/div>\n                            <div class=\"call-us-content\">\n                                    <span class=\"call-stitle\">Sizin i\u00e7in<\/span>\n                                                    <h4 class=\"call-us-number\">05459675093<\/h4>\n                                <\/div>\n            <\/div>\n        <\/div>\n        \t\t\t\t<\/div>\n\t\t\t\t<\/div>\n\t\t\t\t\t<\/div>\n\t\t<\/div>\n\t\t\t\t<div class=\"elementor-column elementor-col-50 elementor-top-column elementor-element elementor-element-5fbcfb3\" data-id=\"5fbcfb3\" data-element_type=\"column\">\n\t\t\t<div class=\"elementor-widget-wrap elementor-element-populated\">\n\t\t\t\t\t\t<div class=\"elementor-element elementor-element-3327883 elementor-widget elementor-widget-image\" data-id=\"3327883\" data-element_type=\"widget\" data-widget_type=\"image.default\">\n\t\t\t\t<div class=\"elementor-widget-container\">\n\t\t\t\t\t\t\t\t\t\t\t\t\t\t\t<img fetchpriority=\"high\" decoding=\"async\" width=\"2560\" height=\"1707\" src=\"https:\/\/cehasasansormersin.com\/wp-content\/uploads\/2024\/02\/elevator-call-button-check-2023-11-27-05-22-35-utc-scaled.jpg\" class=\"attachment-full size-full wp-image-2208\" alt=\"\" srcset=\"https:\/\/cehasasansormersin.com\/wp-content\/uploads\/2024\/02\/elevator-call-button-check-2023-11-27-05-22-35-utc-scaled.jpg 2560w, https:\/\/cehasasansormersin.com\/wp-content\/uploads\/2024\/02\/elevator-call-button-check-2023-11-27-05-22-35-utc-300x200.jpg 300w, https:\/\/cehasasansormersin.com\/wp-content\/uploads\/2024\/02\/elevator-call-button-check-2023-11-27-05-22-35-utc-1024x683.jpg 1024w, https:\/\/cehasasansormersin.com\/wp-content\/uploads\/2024\/02\/elevator-call-button-check-2023-11-27-05-22-35-utc-768x512.jpg 768w, https:\/\/cehasasansormersin.com\/wp-content\/uploads\/2024\/02\/elevator-call-button-check-2023-11-27-05-22-35-utc-1536x1024.jpg 1536w, https:\/\/cehasasansormersin.com\/wp-content\/uploads\/2024\/02\/elevator-call-button-check-2023-11-27-05-22-35-utc-2048x1365.jpg 2048w\" sizes=\"(max-width: 2560px) 100vw, 2560px\" \/>\t\t\t\t\t\t\t\t\t\t\t\t\t\t\t<\/div>\n\t\t\t\t<\/div>\n\t\t\t\t<div class=\"elementor-element elementor-element-5af8157 elementor-widget elementor-widget-heading\" data-id=\"5af8157\" data-element_type=\"widget\" data-widget_type=\"heading.default\">\n\t\t\t\t<div class=\"elementor-widget-container\">\n\t\t\t\t\t<h2 class=\"elementor-heading-title elementor-size-default\">H\u0131zl\u0131 ve G\u00fcvenilir Ar\u0131za Giderme Servisi<\/h2>\t\t\t\t<\/div>\n\t\t\t\t<\/div>\n\t\t\t\t<div class=\"elementor-element elementor-element-834e6dc elementor-widget elementor-widget-text-editor\" data-id=\"834e6dc\" data-element_type=\"widget\" data-widget_type=\"text-editor.default\">\n\t\t\t\t<div class=\"elementor-widget-container\">\n\t\t\t\t\t\t\t\t\t<p>Asans\u00f6rlerinizde meydana gelen her t\u00fcrl\u00fc ar\u0131zada g\u00fcvenilir ve etkili bir \u00e7\u00f6z\u00fcm ar\u0131yorsan\u0131z, Cehas Asans\u00f6r olarak yan\u0131n\u0131zday\u0131z. Deneyimli ekiplerimiz ve uzman teknisyenlerimizle birlikte, ar\u0131zalar\u0131 h\u0131zl\u0131 bir \u015fekilde tespit edip \u00e7\u00f6zerek asans\u00f6rlerinizin kesintisiz ve g\u00fcvenli bir \u015fekilde \u00e7al\u0131\u015fmas\u0131n\u0131 sa\u011fl\u0131yoruz.<\/p>\t\t\t\t\t\t\t\t<\/div>\n\t\t\t\t<\/div>\n\t\t\t\t<div class=\"elementor-element elementor-element-3a4ed61 elementor-widget elementor-widget-about-us\" data-id=\"3a4ed61\" data-element_type=\"widget\" data-widget_type=\"about-us.default\">\n\t\t\t\t<div class=\"elementor-widget-container\">\n\t\t\t\t\t        <div class=\"about-section-wrapper\">\r\n            <div class=\"container\">\r\n                <div class=\"row\">\r\n                    <div class=\"about-us-content\">\r\n                        <div class=\"about-us-section-title\">\r\n                                                                                <\/div>\r\n                                                    <div class=\"calfin-about-us-dec\"> \r\n                                <ul><li><strong>H\u0131zl\u0131 M\u00fcdahale:<\/strong> Ar\u0131zalar\u0131n\u0131z\u0131 en k\u0131sa s\u00fcrede \u00e7\u00f6zmek i\u00e7in haz\u0131r\u0131z. Size bir telefon kadar yak\u0131n\u0131z ve h\u0131zl\u0131 bir \u015fekilde asans\u00f6rlerinizde olu\u015fan ar\u0131zalara m\u00fcdahale ediyoruz.<\/li><li><strong>Profesyonel Teknisyenler:<\/strong> Alan\u0131nda uzman teknisyenlerimiz, her t\u00fcrl\u00fc ar\u0131za durumunda sorunun kayna\u011f\u0131n\u0131 h\u0131zl\u0131ca belirleyerek etkili bir \u00e7\u00f6z\u00fcm sunarlar.<\/li><li><strong>Yedek Par\u00e7a ve Ekipman:<\/strong> Ar\u0131za giderme hizmetlerimizde ihtiya\u00e7 duyulan yedek par\u00e7a ve ekipmanlara sahibiz, b\u00f6ylece sorunlar\u0131n\u0131z\u0131 h\u0131zl\u0131ca \u00e7\u00f6zebiliyoruz.<\/li><li><strong>24\/7 Acil Destek:<\/strong> Acil durumlarda da size yard\u0131mc\u0131 olmak i\u00e7in 7 g\u00fcn 24 saat hizmet veriyoruz. M\u00fc\u015fterilerimizin g\u00fcvenli\u011fi ve memnuniyeti bizim \u00f6nceli\u011fimizdir.<\/li><\/ul>                            <\/div>\r\n                                                <div class=\"about-us-button\">\r\n                                                    <\/div>\r\n                    <\/div>\r\n                <\/div>\r\n            <\/div>\r\n        <\/div>\r\n    \t\t\t\t<\/div>\n\t\t\t\t<\/div>\n\t\t\t\t<div class=\"elementor-element elementor-element-0f57cb4 elementor-widget elementor-widget-text-editor\" data-id=\"0f57cb4\" data-element_type=\"widget\" data-widget_type=\"text-editor.default\">\n\t\t\t\t<div class=\"elementor-widget-container\">\n\t\t\t\t\t\t\t\t\t<p>Cehas Asans\u00f6r olarak, asans\u00f6rlerinizde meydana gelen ar\u0131zalar\u0131 \u00e7\u00f6zmek ve i\u015flerinizi aksatmadan devam ettirmeniz i\u00e7in size profesyonel destek sunuyoruz. Siz de g\u00fcvenilir ve h\u0131zl\u0131 ar\u0131za giderme hizmeti i\u00e7in bize ula\u015fabilirsiniz.<\/p>\t\t\t\t\t\t\t\t<\/div>\n\t\t\t\t<\/div>\n\t\t\t\t\t<\/div>\n\t\t<\/div>\n\t\t\t\t\t<\/div>\n\t\t<\/section>\n\t\t\t\t<\/div>\n\t\t","protected":false},"excerpt":{"rendered":"<p>Financial Services Ar\u0131za Giderme Asans\u00f6r Bak\u0131m IT Management Software Renew Cloud Services Bize Ula\u015f\u0131n Sizin i\u00e7in 05459675093 H\u0131zl\u0131 ve G\u00fcvenilir Ar\u0131za Giderme Servisi Asans\u00f6rlerinizde meydana gelen her t\u00fcrl\u00fc ar\u0131zada g\u00fcvenilir ve etkili bir \u00e7\u00f6z\u00fcm ar\u0131yorsan\u0131z, Cehas Asans\u00f6r olarak yan\u0131n\u0131zday\u0131z. Deneyimli ekiplerimiz ve uzman teknisyenlerimizle birlikte, ar\u0131zalar\u0131 h\u0131zl\u0131 bir \u015fekilde tespit edip \u00e7\u00f6zerek asans\u00f6rlerinizin kesintisiz ve [&hellip;]<\/p>\n","protected":false},"author":1,"featured_media":0,"parent":503,"menu_order":0,"comment_status":"closed","ping_status":"closed","template":"blank-template.php","meta":{"om_disable_all_campaigns":false,"_monsterinsights_skip_tracking":false,"_monsterinsights_sitenote_active":false,"_monsterinsights_sitenote_note":"","_monsterinsights_sitenote_category":0,"footnotes":""},"aioseo_notices":[],"_links":{"self":[{"href":"https:\/\/cehasasansormersin.com\/index.php\/wp-json\/wp\/v2\/pages\/1279"}],"collection":[{"href":"https:\/\/cehasasansormersin.com\/index.php\/wp-json\/wp\/v2\/pages"}],"about":[{"href":"https:\/\/cehasasansormersin.com\/index.php\/wp-json\/wp\/v2\/types\/page"}],"author":[{"embeddable":true,"href":"https:\/\/cehasasansormersin.com\/index.php\/wp-json\/wp\/v2\/users\/1"}],"replies":[{"embeddable":true,"href":"https:\/\/cehasasansormersin.com\/index.php\/wp-json\/wp\/v2\/comments?post=1279"}],"version-history":[{"count":5,"href":"https:\/\/cehasasansormersin.com\/index.php\/wp-json\/wp\/v2\/pages\/1279\/revisions"}],"predecessor-version":[{"id":2215,"href":"https:\/\/cehasasansormersin.com\/index.php\/wp-json\/wp\/v2\/pages\/1279\/revisions\/2215"}],"up":[{"embeddable":true,"href":"https:\/\/cehasasansormersin.com\/index.php\/wp-json\/wp\/v2\/pages\/503"}],"wp:attachment":[{"href":"https:\/\/cehasasansormersin.com\/index.php\/wp-json\/wp\/v2\/media?parent=1279"}],"curies":[{"name":"wp","href":"https:\/\/api.w.org\/{rel}","templated":true}]}}